{"id":6533,"date":"2017-10-19T14:59:11","date_gmt":"2017-10-19T12:59:11","guid":{"rendered":"http:\/\/muehrichstrasse-gbr.de\/wohnen-baden-baden-steinbach\/home-copy\/"},"modified":"2026-01-27T19:34:51","modified_gmt":"2026-01-27T18:34:51","slug":"formulare","status":"publish","type":"page","link":"https:\/\/muehrichstrasse-gbr.de\/wohnen-baden-baden-steinbach\/formulare\/","title":{"rendered":"Formulare"},"content":{"rendered":"<!--themify_builder_content-->\n<div id=\"themify_builder_content-6533\" data-postid=\"6533\" class=\"themify_builder_content themify_builder_content-6533 themify_builder tf_clear\">\n                    <div  data-lazy=\"1\" class=\"module_row themify_builder_row tb_5tq2685 tb_first tf_w\">\n                        <span class=\"tf_hide row-slider tb_slider tf_abs\" data-bgmode=\"fullcover\" data-sliderspeed=\"2000\">\n                <span class=\"tf_abs row-slider-slides tf_w tf_hidden tf_clearfix\">\n                                <span data-bg=\"https:\/\/muehrichstrasse-gbr.de\/wohnen-baden-baden-steinbach\/wp-content\/uploads\/2018\/11\/9.jpg\">\n                        <a href=\"javascript:;\" rel=\"nofollow\" class=\"row-slider-dot\" data-index=\"0\"><span class=\"screen-reader-text\">&bull;<\/span><\/a>\n                    <\/span>\n                                    <span data-bg=\"https:\/\/muehrichstrasse-gbr.de\/wohnen-baden-baden-steinbach\/wp-content\/uploads\/2018\/11\/12.jpg\">\n                        <a href=\"javascript:;\" rel=\"nofollow\" class=\"row-slider-dot\" data-index=\"1\"><span class=\"screen-reader-text\">&bull;<\/span><\/a>\n                    <\/span>\n                                    <span data-bg=\"https:\/\/muehrichstrasse-gbr.de\/wohnen-baden-baden-steinbach\/wp-content\/uploads\/2018\/11\/11.jpg\">\n                        <a href=\"javascript:;\" rel=\"nofollow\" class=\"row-slider-dot\" data-index=\"2\"><span class=\"screen-reader-text\">&bull;<\/span><\/a>\n                    <\/span>\n                                    <span data-bg=\"https:\/\/muehrichstrasse-gbr.de\/wohnen-baden-baden-steinbach\/wp-content\/uploads\/2018\/11\/7.jpg\">\n                        <a href=\"javascript:;\" rel=\"nofollow\" class=\"row-slider-dot\" data-index=\"3\"><span class=\"screen-reader-text\">&bull;<\/span><\/a>\n                    <\/span>\n                                    <span data-bg=\"https:\/\/muehrichstrasse-gbr.de\/wohnen-baden-baden-steinbach\/wp-content\/uploads\/2018\/11\/10.jpg\">\n                        <a href=\"javascript:;\" rel=\"nofollow\" class=\"row-slider-dot\" data-index=\"4\"><span class=\"screen-reader-text\">&bull;<\/span><\/a>\n                    <\/span>\n                                    <span data-bg=\"https:\/\/muehrichstrasse-gbr.de\/wohnen-baden-baden-steinbach\/wp-content\/uploads\/2018\/11\/6.jpg\">\n                        <a href=\"javascript:;\" rel=\"nofollow\" class=\"row-slider-dot\" data-index=\"5\"><span class=\"screen-reader-text\">&bull;<\/span><\/a>\n                    <\/span>\n                                    <span data-bg=\"https:\/\/muehrichstrasse-gbr.de\/wohnen-baden-baden-steinbach\/wp-content\/uploads\/2018\/11\/5.jpg\">\n                        <a href=\"javascript:;\" rel=\"nofollow\" class=\"row-slider-dot\" data-index=\"6\"><span class=\"screen-reader-text\">&bull;<\/span><\/a>\n                    <\/span>\n                                    <span data-bg=\"https:\/\/muehrichstrasse-gbr.de\/wohnen-baden-baden-steinbach\/wp-content\/uploads\/2018\/11\/13.jpg\">\n                        <a href=\"javascript:;\" rel=\"nofollow\" class=\"row-slider-dot\" data-index=\"7\"><span class=\"screen-reader-text\">&bull;<\/span><\/a>\n                    <\/span>\n                                    <span data-bg=\"https:\/\/muehrichstrasse-gbr.de\/wohnen-baden-baden-steinbach\/wp-content\/uploads\/2018\/11\/4.jpg\">\n                        <a href=\"javascript:;\" rel=\"nofollow\" class=\"row-slider-dot\" data-index=\"8\"><span class=\"screen-reader-text\">&bull;<\/span><\/a>\n                    <\/span>\n                                    <span data-bg=\"https:\/\/muehrichstrasse-gbr.de\/wohnen-baden-baden-steinbach\/wp-content\/uploads\/2018\/11\/8.jpg\">\n                        <a href=\"javascript:;\" rel=\"nofollow\" class=\"row-slider-dot\" data-index=\"9\"><span class=\"screen-reader-text\">&bull;<\/span><\/a>\n                    <\/span>\n                                    <span data-bg=\"https:\/\/muehrichstrasse-gbr.de\/wohnen-baden-baden-steinbach\/wp-content\/uploads\/2018\/11\/3.jpg\">\n                        <a href=\"javascript:;\" rel=\"nofollow\" class=\"row-slider-dot\" data-index=\"10\"><span class=\"screen-reader-text\">&bull;<\/span><\/a>\n                    <\/span>\n                                    <span data-bg=\"https:\/\/muehrichstrasse-gbr.de\/wohnen-baden-baden-steinbach\/wp-content\/uploads\/2018\/11\/2.jpg\">\n                        <a href=\"javascript:;\" rel=\"nofollow\" class=\"row-slider-dot\" data-index=\"11\"><span class=\"screen-reader-text\">&bull;<\/span><\/a>\n                    <\/span>\n                                    <span data-bg=\"https:\/\/muehrichstrasse-gbr.de\/wohnen-baden-baden-steinbach\/wp-content\/uploads\/2018\/11\/1.jpg\">\n                        <a href=\"javascript:;\" rel=\"nofollow\" class=\"row-slider-dot\" data-index=\"12\"><span class=\"screen-reader-text\">&bull;<\/span><\/a>\n                    <\/span>\n                                <\/span>\n                <span class=\"row-slider-nav tf_abs_t tf_w\">\n                    <a href=\"javascript:;\" rel=\"nofollow\" class=\"row-slider-arrow row-slider-prev tf_hidden tf_abs_t\"><span class=\"screen-reader-text\">&larr;<\/span><\/a>\n                    <a href=\"javascript:;\" rel=\"nofollow\" class=\"row-slider-arrow row-slider-next tf_hidden tf_abs_t\"><span class=\"screen-reader-text\">&rarr;<\/span><\/a>\n                <\/span>\n            <\/span>\n                        <div class=\"row_inner col_align_top tb_col_count_1 tf_box tf_rel\">\n                        <div  data-lazy=\"1\" class=\"module_column tb-column col-full tb_92f1686 first\">\n                            <\/div>\n                        <\/div>\n        <\/div>\n                        <div  data-lazy=\"1\" class=\"module_row themify_builder_row tb_c2fa632 tf_w\">\n                        <div class=\"row_inner col_align_top tb_col_count_1 tf_box tf_rel\">\n                        <div  data-lazy=\"1\" class=\"module_column tb-column col-full tb_31d61cc first\">\n                    <!-- module text -->\n<div  class=\"module module-text tb_ac76624   \" data-lazy=\"1\">\n        <div  class=\"tb_text_wrap\">\n        <h3 style=\"text-align: center;\"><strong>Notwendige Unterlagen<\/strong><\/h3><p style=\"text-align: center;\">Ganz ohne Papierkram geht es nicht: Folgende Unterlagen ben\u00f6tigen Sie, wenn Sie eine Wohnung bei D.+L. Schnell M\u00fchrichstra\u00dfe GbR mieten m\u00f6chten. Bevor wir mit Ihnen einen Mietvertrag abschlie\u00dfen, ben\u00f6tigen wir eine Bonit\u00e4tspr\u00fcfung.<br \/>Die unten aufgef\u00fchrten Unterlagen ben\u00f6tigen wir zum Abschluss eines Mietvertrages von Ihnen, wenn Sie sich nach einer Wohnungsbesichtigung f\u00fcr eine bestimmte Wohnung entschieden haben. Bis dahin ben\u00f6tigen wir zur Kontaktaufnahme Ihren Namen, Adresse, Telefonnummer oder E-Mail-Adresse.<strong><br \/><\/strong><\/p>    <\/div>\n<\/div>\n<!-- \/module text -->        <div  data-lazy=\"1\" class=\"module_subrow themify_builder_sub_row tf_w col_align_top gutter-narrow tb_col_count_2 tb_8aa0366\">\n                <div  data-lazy=\"1\" class=\"module_column sub_column col4-2 tb_96482cb first\">\n                    <!-- module text -->\n<div  class=\"module module-text tb_a43ef13 auf_enger  \" data-lazy=\"1\">\n        <div  class=\"tb_text_wrap\">\n        <p><strong>Gehalts- \/ Lohnabrechnungen der letzten 3 Monate<\/strong><br \/> <strong>Sie sind:<\/strong><\/p><ul><li><strong>Rentner<\/strong>: <br \/>Dann ben\u00f6tigen Sie Ihren aktuellen Rentenbescheid.<\/li><li><strong>Selbstst\u00e4ndig\/freiberuflich t\u00e4tig<\/strong>: <br \/>dann ben\u00f6tigen Sie eine vom Steuerberater gestempelte und unterschriebene betriebswirtschaftliche Auswertung (BWA) der letzten 6 Monate (ggf. aktueller Steuerbescheid).<\/li><li><strong>Azubi<\/strong>: <br \/>dann ben\u00f6tigen Sie die letzten Gehaltsabrechnungen, den Ausbildungsvertrag, Kindergeldnachweis, Bescheid \u00fcber BAB.<\/li><li><strong>Studierende<\/strong>: <br \/>dann ben\u00f6tigen Sie Ihre Immatrikulationsbescheinigung, eine Best\u00e4tigung der Eltern \u00fcber die H\u00f6he der Unterhaltsleistungen, Kindergeldnachweise und ggf. einen Bescheid \u00fcber Baf\u00f6g<\/li><li><strong>Sie erhalten Leistungen vom Jobcenter \/ Grundsicherungsamt \/ Sozialamt<\/strong>: <br \/>Dann ben\u00f6tigen Sie eine auf die Wohnung bezogene Kosten\u00fcbernahme vom entsprechenden Amt, den aktuellen Leistungsbescheid und ggf. Nachweise \u00fcber Zuverdienste.<\/li><\/ul>    <\/div>\n<\/div>\n<!-- \/module text --><!-- module text -->\n<div  class=\"module module-text tb_0a24882   \" data-lazy=\"1\">\n        <div  class=\"tb_text_wrap\">\n        <p><strong>E-Mail an:<br \/><\/strong><a href=\"mailto:info@muehrichstrasse-gbr.de\" target=\"_blank\" rel=\"noopener\">info@muehrichstrasse-gbr.de<\/a><\/p>    <\/div>\n<\/div>\n<!-- \/module text -->        <\/div>\n                    <div  data-lazy=\"1\" class=\"module_column sub_column col4-2 tb_cd7fb34 last\">\n                    <!-- module text -->\n<div  class=\"module module-text tb_ba3a3d2   \" data-lazy=\"1\">\n        <div  class=\"tb_text_wrap\">\n        <p><strong>Ausweisunterlagen<\/strong><br \/>Personalausweis \/ alternativ Pass und Meldebescheinigung.<\/p>    <\/div>\n<\/div>\n<!-- \/module text --><!-- module text -->\n<div  class=\"module module-text tb_ff34071 auf_enger  \" data-lazy=\"1\">\n        <div  class=\"tb_text_wrap\">\n        <p><strong>Mietzahlungsnachweis<\/strong><br \/> z. B. Bescheinigung des aktuellen Vermieters \u00fcber die Mietzahlung oder Kontoausz\u00fcge, aus denen sich die Mietzahlung ergibt<\/p><p><strong>Sie sind:<\/strong><\/p><ul><li><strong>Untermieter<\/strong>: <br \/>Dann ben\u00f6tigen Sie den Untermietvertrag und den Mietzahlungsnachweis.<\/li><li><strong>Eigent\u00fcmer<\/strong>: <br \/>Dann ben\u00f6tigen Sie einen Grundsteuerbescheid oder Grundbuchauszug.<\/li><li><strong>Sie wohnen noch im Elternhaus<\/strong>: <br \/>Dann ben\u00f6tigen Sie eine von den Eltern ausgestellte Best\u00e4tigung und den Personalausweis der Eltern zur Vorlage.<\/li><\/ul>    <\/div>\n<\/div>\n<!-- \/module text --><!-- module text -->\n<div  class=\"module module-text tb_401c160 auf_enger  \" data-lazy=\"1\">\n        <div  class=\"tb_text_wrap\">\n        <p><strong>Bonit\u00e4tsauskunft<\/strong><\/p>\n<ul>\n<li>Sie k\u00f6nnen das <a href=\"https:\/\/muehrichstrasse-gbr.de\/wohnen-baden-baden-steinbach\/wp-content\/uploads\/2025\/11\/Selbstauskunft.pdf\" target=\"_blank\" rel=\"noopener\"> Formular Selbstauskunft<\/a> ausdrucken und unterschreiben.<\/li>\n<li>Sie ben\u00f6tigen eine <a href=\"https:\/\/www.meineschufa.de\/index.php?site=7\" target=\"_blank\" rel=\"noopener\">Schufa-Bonit\u00e4tsauskunft<\/a>\n<p>\u00a0<\/p>\n<\/li>\n<\/ul>    <\/div>\n<\/div>\n<!-- \/module text -->        <\/div>\n                    <\/div>\n                <\/div>\n                        <\/div>\n        <\/div>\n                        <div  data-lazy=\"1\" class=\"module_row themify_builder_row tb_t2bg33 tf_w\">\n                        <div class=\"row_inner col_align_top tb_col_count_1 tf_box tf_rel\">\n                        <div  data-lazy=\"1\" class=\"module_column tb-column col-full tb_1i9w33 first\">\n                    <!-- module template_part -->\n<div  class=\"module module-layout-part tb_1tjj33 \">\n    <div class=\"tb_layout_part_wrap tf_w\"><!--themify_builder_content-->\n    <div  class=\"themify_builder_content themify_builder_content-7259 themify_builder not_editable_builder in_the_loop\" data-postid=\"7259\">\n                        <div  data-lazy=\"1\" class=\"module_row themify_builder_row tb_399p329 tf_w\">\n                        <div class=\"row_inner col_align_top tb_col_count_1 tf_box tf_rel\">\n                        <div  data-lazy=\"1\" class=\"module_column tb-column col-full tb_yfzb329 first\">\n                    <!-- module text -->\n<div  class=\"module module-text tb_ntb5329   \" data-lazy=\"1\">\n        <div  class=\"tb_text_wrap\">\n        <h3>Kontakt<\/h3>    <\/div>\n<\/div>\n<!-- \/module text -->        <div  data-lazy=\"1\" class=\"module_subrow themify_builder_sub_row tf_w col_align_top tb_col_count_2 tb_s7ka329\">\n                <div  data-lazy=\"1\" class=\"module_column sub_column col4-1 tb_9eql329 first\">\n                    <!-- module text -->\n<div  class=\"module module-text tb_f2ad329   \" data-lazy=\"1\">\n        <div  class=\"tb_text_wrap\">\n        <p><iframe src=\"https:\/\/www.google.com\/maps\/embed?pb=!1m18!1m12!1m3!1d2631.57929211635!2d8.164043215899774!3d48.732630017507006!2m3!1f0!2f0!3f0!3m2!1i1024!2i768!4f13.1!3m3!1m2!1s0x47972012c6f9acdb%3A0x48fd9d877f2c434b!2sD.%20%2B%20L.%20Schnell%20M%C3%BChrichstra%C3%9Fe%20GbR!5e0!3m2!1sde!2sde!4v1664874564377!5m2!1sde!2sde\" width=\"600\" height=\"400\" style=\"border:0;\" allowfullscreen=\"\" loading=\"lazy\" referrerpolicy=\"no-referrer-when-downgrade\"><\/iframe><\/p>\n    <\/div>\n<\/div>\n<!-- \/module text --><!-- module text -->\n<div  class=\"module module-text tb_mr2n329   \" data-lazy=\"1\">\n        <div  class=\"tb_text_wrap\">\n        <p><strong>Hausverwaltung<br \/>\n<\/strong>Boy\u00e9 Immobilien<br \/>\nPostfach 10 00 30<br \/>\n76481 Baden-Baden<br \/>\nTel.: +49 (0) 7221 \/ 9708472<br \/>\nE-Mail:<strong>\u00a0<\/strong><a href=\"mailto:info@boye-immobilien.de\" target=\"_blank\" rel=\"noopener\">info@boye-immobilien.de<\/a><\/p>\n    <\/div>\n<\/div>\n<!-- \/module text -->        <\/div>\n                    <div  data-lazy=\"1\" class=\"module_column sub_column col4-3 tb_bpiy329 last\">\n                    <!-- module text -->\n<div  class=\"module module-text tb_3z9h329   \" data-lazy=\"1\">\n        <div  class=\"tb_text_wrap\">\n        \n<div class=\"wpcf7 no-js\" id=\"wpcf7-f7054-o1\" lang=\"de-DE\" dir=\"ltr\" data-wpcf7-id=\"7054\">\n<div class=\"screen-reader-response\"><p role=\"status\" aria-live=\"polite\" aria-atomic=\"true\"><\/p> <ul><\/ul><\/div>\n<form action=\"\/wohnen-baden-baden-steinbach\/wp-json\/wp\/v2\/pages\/6533#wpcf7-f7054-o1\" method=\"post\" class=\"wpcf7-form init\" aria-label=\"Kontaktformular\" novalidate=\"novalidate\" data-status=\"init\">\n<fieldset class=\"hidden-fields-container\"><input type=\"hidden\" name=\"_wpcf7\" value=\"7054\" \/><input type=\"hidden\" name=\"_wpcf7_version\" value=\"6.1.5\" \/><input type=\"hidden\" name=\"_wpcf7_locale\" value=\"de_DE\" \/><input type=\"hidden\" name=\"_wpcf7_unit_tag\" value=\"wpcf7-f7054-o1\" \/><input type=\"hidden\" name=\"_wpcf7_container_post\" value=\"0\" \/><input type=\"hidden\" name=\"_wpcf7_posted_data_hash\" value=\"\" \/>\n<\/fieldset>\n<div id=\"form_kopf\">\n\t<p><label>Name (Pflichtfeld) <span class=\"wpcf7-form-control-wrap\" data-name=\"aname\"><input size=\"40\" maxlength=\"400\" class=\"wpcf7-form-control wpcf7-text wpcf7-validates-as-required\" aria-required=\"true\" aria-invalid=\"false\" placeholder=\"Ihre Name\" value=\"\" type=\"text\" name=\"aname\" \/><\/span> <\/label><span id=\"wpcf7-69dfd8bbd1447-wrapper\" class=\"wpcf7-form-control-wrap mail-wrap\" style=\"display:none !important; visibility:hidden !important;\"><label for=\"wpcf7-69dfd8bbd1447-field\" class=\"hp-message\">Bitte lasse dieses Feld leer.<\/label><input id=\"wpcf7-69dfd8bbd1447-field\"  class=\"wpcf7-form-control wpcf7-text\" type=\"text\" name=\"mail\" value=\"\" size=\"40\" tabindex=\"-1\" autocomplete=\"new-password\" \/><\/span><br \/>\n<label>E-Mail (Pflichtfeld) <span class=\"wpcf7-form-control-wrap\" data-name=\"email\"><input size=\"40\" maxlength=\"400\" class=\"wpcf7-form-control wpcf7-email wpcf7-validates-as-required wpcf7-text wpcf7-validates-as-email\" aria-required=\"true\" aria-invalid=\"false\" placeholder=\"Ihre E-Mailadresse\" value=\"\" type=\"email\" name=\"email\" \/><\/span> <\/label>\n\t<\/p>\n<\/div>\n<p><label><span class=\"wpcf7-form-control-wrap\" data-name=\"your-message\"><textarea cols=\"30\" rows=\"3\" maxlength=\"2000\" class=\"wpcf7-form-control wpcf7-textarea\" aria-invalid=\"false\" placeholder=\"Ihre Mitteilung an uns\" name=\"your-message\"><\/textarea><\/span> <\/label><span id=\"wpcf7-69dfd8bbd15b8-wrapper\" class=\"wpcf7-form-control-wrap mails-wrap\" style=\"display:none !important; visibility:hidden !important;\"><label for=\"wpcf7-69dfd8bbd15b8-field\" class=\"hp-message\">Bitte lasse dieses Feld leer.<\/label><input id=\"wpcf7-69dfd8bbd15b8-field\"  class=\"wpcf7-form-control wpcf7-text\" type=\"text\" name=\"mails\" value=\"\" size=\"40\" tabindex=\"-1\" autocomplete=\"new-password\" \/><\/span><br \/>\n<span class=\"wpcf7-form-control-wrap\" data-name=\"acceptance-760\"><span class=\"wpcf7-form-control wpcf7-acceptance\"><span class=\"wpcf7-list-item\"><label><input type=\"checkbox\" name=\"acceptance-760\" value=\"1\" aria-invalid=\"false\" \/><span class=\"wpcf7-list-item-label\">Ich habe die <a href=\"https:\/\/muehrichstrasse-gbr.de\/wohnen-baden-baden-steinbach\/impressum\/#datenschutz\" target=\"_blank\">Datenschutzerkl\u00e4rung<\/a> zur Kenntnis genommen und stimme zu, dass meine Angaben zur Kontaktaufnahme und f\u00fcr R\u00fcckfragen dauerhaft gespeichert werden. Meine Angaben werden nur zur Beantwortung meiner Anfrage erhoben und verarbeitet.<\/span><\/label><\/span><\/span><\/span><br \/>\n<b>Hinweis:<\/b><br \/>\nSie k\u00f6nnen Ihre Einwilligung jederzeit f\u00fcr die Zukunft per Mail an <a href=\"mailto:info@muehrichstrasse-gbr.de\">info@muehrichstrasse-gbr.de<\/a> widerrufen.<br \/>\n<input class=\"wpcf7-form-control wpcf7-submit has-spinner\" type=\"submit\" value=\"Senden\" \/>\n<\/p><div class=\"wpcf7-response-output\" aria-hidden=\"true\"><\/div>\n<\/form>\n<\/div>\n    <\/div>\n<\/div>\n<!-- \/module text -->        <\/div>\n                    <\/div>\n                <\/div>\n                        <\/div>\n        <\/div>\n            <\/div>\n<!--\/themify_builder_content--><\/div>\n<\/div>\n<!-- \/module template_part -->        <\/div>\n                        <\/div>\n        <\/div>\n        <\/div>\n<!--\/themify_builder_content-->","protected":false},"excerpt":{"rendered":"<p>Notwendige Unterlagen Ganz ohne Papierkram geht es nicht: Folgende Unterlagen ben\u00f6tigen Sie, wenn Sie eine Wohnung bei D.+L. Schnell M\u00fchrichstra\u00dfe GbR mieten m\u00f6chten. Bevor wir mit Ihnen einen Mietvertrag abschlie\u00dfen, ben\u00f6tigen wir eine Bonit\u00e4tspr\u00fcfung.Die unten aufgef\u00fchrten Unterlagen ben\u00f6tigen wir zum Abschluss eines Mietvertrages von Ihnen, wenn Sie sich nach einer Wohnungsbesichtigung f\u00fcr eine bestimmte Wohnung [&hellip;]<\/p>\n","protected":false},"author":1,"featured_media":0,"parent":0,"menu_order":0,"comment_status":"closed","ping_status":"closed","template":"","meta":{"footnotes":""},"class_list":["post-6533","page","type-page","status-publish","hentry","has-post-title","has-post-date","has-post-category","has-post-tag","has-post-comment","has-post-author",""],"builder_content":"<h3 style=\"text-align: center;\"><strong>Notwendige Unterlagen<\/strong><\/h3><p style=\"text-align: center;\">Ganz ohne Papierkram geht es nicht: Folgende Unterlagen ben\u00f6tigen Sie, wenn Sie eine Wohnung bei D.+L. Schnell M\u00fchrichstra\u00dfe GbR mieten m\u00f6chten. Bevor wir mit Ihnen einen Mietvertrag abschlie\u00dfen, ben\u00f6tigen wir eine Bonit\u00e4tspr\u00fcfung.<br \/>Die unten aufgef\u00fchrten Unterlagen ben\u00f6tigen wir zum Abschluss eines Mietvertrages von Ihnen, wenn Sie sich nach einer Wohnungsbesichtigung f\u00fcr eine bestimmte Wohnung entschieden haben. Bis dahin ben\u00f6tigen wir zur Kontaktaufnahme Ihren Namen, Adresse, Telefonnummer oder E-Mail-Adresse.<strong><br \/><\/strong><\/p>\n<p><strong>Gehalts- \/ Lohnabrechnungen der letzten 3 Monate<\/strong><br \/> <strong>Sie sind:<\/strong><\/p><ul><li><strong>Rentner<\/strong>: <br \/>Dann ben\u00f6tigen Sie Ihren aktuellen Rentenbescheid.<\/li><li><strong>Selbstst\u00e4ndig\/freiberuflich t\u00e4tig<\/strong>: <br \/>dann ben\u00f6tigen Sie eine vom Steuerberater gestempelte und unterschriebene betriebswirtschaftliche Auswertung (BWA) der letzten 6 Monate (ggf. aktueller Steuerbescheid).<\/li><li><strong>Azubi<\/strong>: <br \/>dann ben\u00f6tigen Sie die letzten Gehaltsabrechnungen, den Ausbildungsvertrag, Kindergeldnachweis, Bescheid \u00fcber BAB.<\/li><li><strong>Studierende<\/strong>: <br \/>dann ben\u00f6tigen Sie Ihre Immatrikulationsbescheinigung, eine Best\u00e4tigung der Eltern \u00fcber die H\u00f6he der Unterhaltsleistungen, Kindergeldnachweise und ggf. einen Bescheid \u00fcber Baf\u00f6g<\/li><li><strong>Sie erhalten Leistungen vom Jobcenter \/ Grundsicherungsamt \/ Sozialamt<\/strong>: <br \/>Dann ben\u00f6tigen Sie eine auf die Wohnung bezogene Kosten\u00fcbernahme vom entsprechenden Amt, den aktuellen Leistungsbescheid und ggf. Nachweise \u00fcber Zuverdienste.<\/li><\/ul>\n<p><strong>E-Mail an:<br \/><\/strong><a href=\"mailto:info@muehrichstrasse-gbr.de\" target=\"_blank\" rel=\"noopener\">info@muehrichstrasse-gbr.de<\/a><\/p>\n<p><strong>Ausweisunterlagen<\/strong><br \/>Personalausweis \/ alternativ Pass und Meldebescheinigung.<\/p>\n<p><strong>Mietzahlungsnachweis<\/strong><br \/> z. B. Bescheinigung des aktuellen Vermieters \u00fcber die Mietzahlung oder Kontoausz\u00fcge, aus denen sich die Mietzahlung ergibt<\/p><p><strong>Sie sind:<\/strong><\/p><ul><li><strong>Untermieter<\/strong>: <br \/>Dann ben\u00f6tigen Sie den Untermietvertrag und den Mietzahlungsnachweis.<\/li><li><strong>Eigent\u00fcmer<\/strong>: <br \/>Dann ben\u00f6tigen Sie einen Grundsteuerbescheid oder Grundbuchauszug.<\/li><li><strong>Sie wohnen noch im Elternhaus<\/strong>: <br \/>Dann ben\u00f6tigen Sie eine von den Eltern ausgestellte Best\u00e4tigung und den Personalausweis der Eltern zur Vorlage.<\/li><\/ul>\n<p><strong>Bonit\u00e4tsauskunft<\/strong><\/p> <ul> <li>Sie k\u00f6nnen das <a href=\"https:\/\/muehrichstrasse-gbr.de\/wohnen-baden-baden-steinbach\/wp-content\/uploads\/2025\/11\/Selbstauskunft.pdf\" target=\"_blank\" rel=\"noopener\"> Formular Selbstauskunft<\/a> ausdrucken und unterschreiben.<\/li> <li>Sie ben\u00f6tigen eine <a href=\"https:\/\/www.meineschufa.de\/index.php?site=7\" target=\"_blank\" rel=\"noopener\">Schufa-Bonit\u00e4tsauskunft<\/a> <p>\u00a0<\/p> <\/li> <\/ul>","_links":{"self":[{"href":"https:\/\/muehrichstrasse-gbr.de\/wohnen-baden-baden-steinbach\/wp-json\/wp\/v2\/pages\/6533","targetHints":{"allow":["GET"]}}],"collection":[{"href":"https:\/\/muehrichstrasse-gbr.de\/wohnen-baden-baden-steinbach\/wp-json\/wp\/v2\/pages"}],"about":[{"href":"https:\/\/muehrichstrasse-gbr.de\/wohnen-baden-baden-steinbach\/wp-json\/wp\/v2\/types\/page"}],"author":[{"embeddable":true,"href":"https:\/\/muehrichstrasse-gbr.de\/wohnen-baden-baden-steinbach\/wp-json\/wp\/v2\/users\/1"}],"replies":[{"embeddable":true,"href":"https:\/\/muehrichstrasse-gbr.de\/wohnen-baden-baden-steinbach\/wp-json\/wp\/v2\/comments?post=6533"}],"version-history":[{"count":17,"href":"https:\/\/muehrichstrasse-gbr.de\/wohnen-baden-baden-steinbach\/wp-json\/wp\/v2\/pages\/6533\/revisions"}],"predecessor-version":[{"id":7265,"href":"https:\/\/muehrichstrasse-gbr.de\/wohnen-baden-baden-steinbach\/wp-json\/wp\/v2\/pages\/6533\/revisions\/7265"}],"wp:attachment":[{"href":"https:\/\/muehrichstrasse-gbr.de\/wohnen-baden-baden-steinbach\/wp-json\/wp\/v2\/media?parent=6533"}],"curies":[{"name":"wp","href":"https:\/\/api.w.org\/{rel}","templated":true}]}}